{"id":2578,"date":"2015-03-03T20:28:53","date_gmt":"2015-03-03T20:28:53","guid":{"rendered":"http:\/\/crocomobile.net\/?page_id=2578"},"modified":"2015-03-03T20:28:53","modified_gmt":"2015-03-03T20:28:53","slug":"crocomobile","status":"publish","type":"page","link":"http:\/\/crocomobile.net\/?page_id=2578&lang=fr","title":{"rendered":"Crocomobile"},"content":{"rendered":"<p>Bonjour,<\/p>\n<p>Je suis un crocodile special. Mon nom Crocomobile est ma misson. Il est bas\u00e9 sur une id\u00e9e en 2015 de mes deux passagers plus jeunes et \u00e9tait affin\u00e9 de leur parents. De Markus avec l&#8217;aide de Florian Hummel\u00a0j&#8217;\u00e9tais imagin\u00e9 et apr\u00e8s agrandi, imprim\u00e9 sur un autocollant et coll\u00e9 sur la voiture. Mes fans les plus jeunes (et aussi propri\u00e9taires) sont tr\u00e8s excit\u00e9.<\/p>\n<table style=\"height: 138px;\" width=\"332\">\n<tbody>\n<tr>\n<td><a href=\"https:\/\/i0.wp.com\/crocomobile.net\/wp-content\/uploads\/2015\/04\/cropped-crocomobile-300x105.jpg\"><img data-recalc-dims=\"1\" loading=\"lazy\" decoding=\"async\" data-attachment-id=\"33\" data-permalink=\"http:\/\/crocomobile.net\/?attachment_id=33\" data-orig-file=\"https:\/\/i0.wp.com\/crocomobile.net\/wp-content\/uploads\/2015\/04\/cropped-crocomobile.jpg?fit=1000%2C350\" data-orig-size=\"1000,350\" data-comments-opened=\"1\" data-image-meta=\"{&quot;aperture&quot;:&quot;0&quot;,&quot;credit&quot;:&quot;&quot;,&quot;camera&quot;:&quot;&quot;,&quot;caption&quot;:&quot;&quot;,&quot;created_timestamp&quot;:&quot;0&quot;,&quot;copyright&quot;:&quot;&quot;,&quot;focal_length&quot;:&quot;0&quot;,&quot;iso&quot;:&quot;0&quot;,&quot;shutter_speed&quot;:&quot;0&quot;,&quot;title&quot;:&quot;&quot;,&quot;orientation&quot;:&quot;1&quot;}\" data-image-title=\"cropped-crocomobile.jpg\" data-image-description=\"&lt;p&gt;http:\/\/crocomobile.net\/wp-content\/uploads\/2015\/04\/cropped-crocomobile.jpg&lt;\/p&gt;\n\" data-image-caption=\"\" data-medium-file=\"https:\/\/i0.wp.com\/crocomobile.net\/wp-content\/uploads\/2015\/04\/cropped-crocomobile.jpg?fit=300%2C105\" data-large-file=\"https:\/\/i0.wp.com\/crocomobile.net\/wp-content\/uploads\/2015\/04\/cropped-crocomobile.jpg?fit=584%2C204\" class=\"alignnone size-medium wp-image-33\" src=\"https:\/\/i0.wp.com\/crocomobile.net\/wp-content\/uploads\/2015\/04\/cropped-crocomobile.jpg?resize=300%2C105\" alt=\"cropped-crocomobile.jpg\" width=\"300\" height=\"105\" srcset=\"https:\/\/i0.wp.com\/crocomobile.net\/wp-content\/uploads\/2015\/04\/cropped-crocomobile.jpg?resize=300%2C105 300w, https:\/\/i0.wp.com\/crocomobile.net\/wp-content\/uploads\/2015\/04\/cropped-crocomobile.jpg?resize=500%2C175 500w, https:\/\/i0.wp.com\/crocomobile.net\/wp-content\/uploads\/2015\/04\/cropped-crocomobile.jpg?w=1000 1000w\" sizes=\"auto, (max-width: 300px) 100vw, 300px\" \/><\/a><\/td>\n<\/tr>\n<\/tbody>\n<\/table>\n<p>Comme \u00e7a je vais accompagner les quatres aux aventures les plus sauvages sur tout le monde. La premi\u00e8re station de 2015-2016 \u00e9tait \u00a0le cinqui\u00e8me continent &#8211; nous trouvons, que le nom et le crocodile vont tr\u00e8s bien.<\/p>\n<p>Alors je m&#8217;appelle Crocomobile &#8211; \u00e7a me plait et \u00e7a demande des aventures.<\/p>\n<p>Sur les pages suivantes vous verrez plus:<\/p>\n<ul>\n<li>sur mes voyageurs<\/li>\n<li>des rapports et cartes de voyage<\/li>\n<li>comme le Land Rover \u00e8tait transform\u00e9e en Crocomobile, pour pass\u00e9 le voyage en plaisir.<\/li>\n<\/ul>\n<p><a href=\"https:\/\/i0.wp.com\/crocomobile.net\/wp-content\/uploads\/2015\/09\/IMG_1113-e1441541009354.jpg\"><img data-recalc-dims=\"1\" loading=\"lazy\" decoding=\"async\" data-attachment-id=\"115\" data-permalink=\"http:\/\/crocomobile.net\/?attachment_id=115\" data-orig-file=\"https:\/\/i0.wp.com\/crocomobile.net\/wp-content\/uploads\/2015\/09\/IMG_1113-e1441541009354.jpg?fit=900%2C675\" data-orig-size=\"900,675\" data-comments-opened=\"1\" data-image-meta=\"{&quot;aperture&quot;:&quot;2.4&quot;,&quot;credit&quot;:&quot;&quot;,&quot;camera&quot;:&quot;iPhone 5&quot;,&quot;caption&quot;:&quot;&quot;,&quot;created_timestamp&quot;:&quot;1436881916&quot;,&quot;copyright&quot;:&quot;&quot;,&quot;focal_length&quot;:&quot;4.12&quot;,&quot;iso&quot;:&quot;50&quot;,&quot;shutter_speed&quot;:&quot;0.000406008932197&quot;,&quot;title&quot;:&quot;&quot;,&quot;orientation&quot;:&quot;1&quot;}\" data-image-title=\"IMG_1113\" data-image-description=\"\" data-image-caption=\"\" data-medium-file=\"https:\/\/i0.wp.com\/crocomobile.net\/wp-content\/uploads\/2015\/09\/IMG_1113-e1441541009354.jpg?fit=300%2C225\" data-large-file=\"https:\/\/i0.wp.com\/crocomobile.net\/wp-content\/uploads\/2015\/09\/IMG_1113-e1441541009354.jpg?fit=584%2C438\" class=\"alignnone wp-image-115\" src=\"https:\/\/i0.wp.com\/crocomobile.net\/wp-content\/uploads\/2015\/09\/IMG_1113.jpg?resize=486%2C368\" alt=\"IMG_1113\" width=\"486\" height=\"368\" \/><\/a><\/p>\n<p>Mon portrait:<\/p>\n<table style=\"height: 594px;\" width=\"584\">\n<tbody>\n<tr>\n<td>Type<\/td>\n<td>Land Rover Defender 130 HCPU 2.2 l Diesel<\/td>\n<\/tr>\n<tr>\n<td>Couleur<\/td>\n<td>Blanc \/ gris<\/td>\n<\/tr>\n<tr>\n<td>Eqiuipement<\/td>\n<td>Protection du sol, prise d&#8217;air sur\u00e9lev\u00e9e, treesliders, protection des diff\u00e9rentiels<\/td>\n<\/tr>\n<tr>\n<td>\u00a0transformation \/ Fait-maison<\/td>\n<td>Canope en ALU avec 3 Clapets, Bloc de tiroirs, porte bagages, Audio-Update (haut-parleur \u00e0 l&#8217;arri\u00e8re),<\/td>\n<\/tr>\n<tr>\n<td>\u00a0transformation \/ achet\u00e9<\/td>\n<td>\u00a0tente de toit Howling Moon pour 4 personnes, Systeme double batterie IBS, Lumi\u00e8re int\u00e9rieur, Radio<\/td>\n<\/tr>\n<tr>\n<td>\u00a0Equipement voyage<\/td>\n<td>Sandwaffleboards, Indicateur inclinaison, GPS Garmin, telephone satellite Inmarsat, 2 portable GSM, 2 Laptop, 1 Ipad, 3 Ipods, pi\u00e8ces-d\u00e9tach\u00e9es: filtre \u00e0 huile, &#8211; \u00e0 air, &#8211; \u00e0 diesel, tuyaux refroidissement + manuel technique<\/td>\n<\/tr>\n<tr>\n<td>\u00a0Equipement cuisine<\/td>\n<td>\u00a0r\u00e9chaud \u00e0 gaz 2 flammes, frigo portable Waeco, tanques \u00e0 eau 90 litres, Micropur pour eau pas propre, 2 r\u00e9chaud \u00e0 essence Primus<\/td>\n<\/tr>\n<tr>\n<td>\u00a0Equipement technique<\/td>\n<td>\u00a0Hi-Lift-Jack avec set de sauvetage, compresseur \u00e0 air, grand set aux outils, \u00e9quipement de soudure<\/td>\n<\/tr>\n<tr>\n<td>\u00a0plaisir, hobby<\/td>\n<td>\u00a0Instruments (trombone, cor des alpes, flute, violons), jeux, livres pr\u00e9paratoires pour l&#8217;\u00e9cole, mat\u00e9riaux pour dessiner, Lego, poup\u00e9es, \u00e9quipement de plong\u00e9e (scuba), chaussures de marche<\/td>\n<\/tr>\n<\/tbody>\n<\/table>\n","protected":false},"excerpt":{"rendered":"<p>Bonjour, Je suis un crocodile special. Mon nom Crocomobile est ma misson. Il est bas\u00e9 sur une id\u00e9e en 2015 de mes deux passagers plus jeunes et \u00e9tait affin\u00e9 de leur parents. De Markus avec l&#8217;aide de Florian Hummel\u00a0j&#8217;\u00e9tais imagin\u00e9 &hellip; <a href=\"http:\/\/crocomobile.net\/?page_id=2578&#038;lang=fr\">Weiterlesen <span class=\"meta-nav\">&rarr;<\/span><\/a><\/p>\n","protected":false},"author":1,"featured_media":0,"parent":0,"menu_order":0,"comment_status":"open","ping_status":"open","template":"","meta":{"jetpack_post_was_ever_published":false,"footnotes":""},"class_list":["post-2578","page","type-page","status-publish","hentry"],"jetpack_sharing_enabled":true,"jetpack_shortlink":"https:\/\/wp.me\/P7tt3r-FA","jetpack-related-posts":[],"_links":{"self":[{"href":"http:\/\/crocomobile.net\/index.php?rest_route=\/wp\/v2\/pages\/2578","targetHints":{"allow":["GET"]}}],"collection":[{"href":"http:\/\/crocomobile.net\/index.php?rest_route=\/wp\/v2\/pages"}],"about":[{"href":"http:\/\/crocomobile.net\/index.php?rest_route=\/wp\/v2\/types\/page"}],"author":[{"embeddable":true,"href":"http:\/\/crocomobile.net\/index.php?rest_route=\/wp\/v2\/users\/1"}],"replies":[{"embeddable":true,"href":"http:\/\/crocomobile.net\/index.php?rest_route=%2Fwp%2Fv2%2Fcomments&post=2578"}],"version-history":[{"count":0,"href":"http:\/\/crocomobile.net\/index.php?rest_route=\/wp\/v2\/pages\/2578\/revisions"}],"wp:attachment":[{"href":"http:\/\/crocomobile.net\/index.php?rest_route=%2Fwp%2Fv2%2Fmedia&parent=2578"}],"curies":[{"name":"wp","href":"https:\/\/api.w.org\/{rel}","templated":true}]}}