{"id":2609,"date":"2015-08-06T11:15:59","date_gmt":"2015-08-06T11:15:59","guid":{"rendered":"http:\/\/crocomobile.net\/?page_id=2609"},"modified":"2015-08-06T11:15:59","modified_gmt":"2015-08-06T11:15:59","slug":"auto","status":"publish","type":"page","link":"http:\/\/crocomobile.net\/?page_id=2609","title":{"rendered":"Auto"},"content":{"rendered":"<p>Wir haben am 25.10.2014 unser Auto, genauer gesagt ein Land Rover Defender 130 HCPU, in St.Michael im Burgenland gekauft und gleich noch Unterfahrschutz, Schnorchel, Treesliders und Diff.Sch\u00fctze mitbestellt.<\/p>\n<p>Schon nur die Reise um das Auto abzuholen war ein unvergessliches Erlebnis. \u00dcber den Arlberg fuhren n\u00e4mlich keine Z\u00fcge wegen intensiven Schneefalls. So stiegen wir auf den Ersatzbus um und befanden uns nach 20 Min. im tiefsten Winter mit bis zu 50cm Neuschnee. So kamen wir nat\u00fcrlich versp\u00e4tet sp\u00e4t Nachts in St.Michael an und kriegten leider von der Busfahrt durchs eigentlich sch\u00f6ne Burgenland nicht viel mit. Am n\u00e4chsten Morgen holten wir unseren Land Rover bei Autohaus Strauss ab und fuhren dann durch eine zeitweise m\u00e4rchenhafte Winterlandschaft in die Schweiz zur\u00fcck. Die Verzollung gestaltete sich sehr unproblematisch, wir kriegten an der Grenze die Zollformulare und mussten in der Woche danach zum Binnenzollamt die MwSt und den Strassenzoll bezahlen. Auch die Anmeldung (Einl\u00f6sen) beim Strassenverkehrsamt in Fribourg ging durch das Konformit\u00e4tsformular COC glatt \u00fcber die B\u00fchne.<\/p>\n<p>Als wir es abholten war es noch ein ganz normaler Landrover Defender, doch die Verwandlung in ein Crocomobile war vor allem f\u00fcr Markus (gelernter Mechaniker) ein noch langer schweisstreibender Weg. Von unseren Campingerfahrungen mit einem Toyota Hilux in S\u00fcdafrika wussten wir, was ein gutes Crocomobile alles haben sollte.<\/p>\n<p><a href=\"https:\/\/i0.wp.com\/crocomobile.net\/wp-content\/uploads\/2015\/08\/image3-300x225.jpg\"><img data-recalc-dims=\"1\" loading=\"lazy\" decoding=\"async\" data-attachment-id=\"66\" data-permalink=\"http:\/\/crocomobile.net\/?attachment_id=66\" data-orig-file=\"https:\/\/i0.wp.com\/crocomobile.net\/wp-content\/uploads\/2015\/08\/image3.jpg?fit=640%2C480\" data-orig-size=\"640,480\" data-comments-opened=\"1\" data-image-meta=\"{&quot;aperture&quot;:&quot;0&quot;,&quot;credit&quot;:&quot;&quot;,&quot;camera&quot;:&quot;&quot;,&quot;caption&quot;:&quot;&quot;,&quot;created_timestamp&quot;:&quot;0&quot;,&quot;copyright&quot;:&quot;&quot;,&quot;focal_length&quot;:&quot;0&quot;,&quot;iso&quot;:&quot;0&quot;,&quot;shutter_speed&quot;:&quot;0&quot;,&quot;title&quot;:&quot;&quot;,&quot;orientation&quot;:&quot;1&quot;}\" data-image-title=\"image\" data-image-description=\"\" data-image-caption=\"\" data-medium-file=\"https:\/\/i0.wp.com\/crocomobile.net\/wp-content\/uploads\/2015\/08\/image3.jpg?fit=300%2C225\" data-large-file=\"https:\/\/i0.wp.com\/crocomobile.net\/wp-content\/uploads\/2015\/08\/image3.jpg?fit=584%2C438\" class=\" size-medium wp-image-66 alignright\" src=\"https:\/\/i0.wp.com\/crocomobile.net\/wp-content\/uploads\/2015\/08\/image3.jpg?resize=300%2C225\" alt=\"image\" width=\"300\" height=\"225\" srcset=\"https:\/\/i0.wp.com\/crocomobile.net\/wp-content\/uploads\/2015\/08\/image3.jpg?resize=300%2C225 300w, https:\/\/i0.wp.com\/crocomobile.net\/wp-content\/uploads\/2015\/08\/image3.jpg?resize=400%2C300 400w, https:\/\/i0.wp.com\/crocomobile.net\/wp-content\/uploads\/2015\/08\/image3.jpg?w=640 640w\" sizes=\"auto, (max-width: 300px) 100vw, 300px\" \/><\/a><\/p>\n<p>Als erstes organisierten wir ein gebrauchtes Dachzelt f\u00fcr 4 Personen als Schlafst\u00e4tte in sichrer Entfernung \u00fcber den Schlangen und Krokodilen. Leider stand dieses in Brandenburg und wir holten es am 22.Dezember in einer langen Tagesreise von Danielas Eltern bei Sturm und Regen ab.<\/p>\n<p>Als Werkstatt f\u00fcr den Umbau diente Markus Firma. Er baute das Canopy aus Aluminium komplett selbst. Zuerst wurde aus Vierkantrohren ein Rahmen als Traggestell geschweisst. Die erste Anprobe auf dem Auto machte schon etwas nerv\u00f6s, doch es passte auf Anhieb.<\/p>\n<table style=\"height: 242px;\" width=\"492\">\n<tbody>\n<tr>\n<td><a href=\"https:\/\/i0.wp.com\/crocomobile.net\/wp-content\/uploads\/2015\/09\/IMG_0903.jpg\"><img data-recalc-dims=\"1\" loading=\"lazy\" decoding=\"async\" data-attachment-id=\"110\" data-permalink=\"http:\/\/crocomobile.net\/?attachment_id=110\" data-orig-file=\"https:\/\/i0.wp.com\/crocomobile.net\/wp-content\/uploads\/2015\/09\/IMG_0903-e1441541405156.jpg?fit=675%2C900\" data-orig-size=\"675,900\" data-comments-opened=\"1\" data-image-meta=\"{&quot;aperture&quot;:&quot;2.4&quot;,&quot;credit&quot;:&quot;&quot;,&quot;camera&quot;:&quot;iPhone 5&quot;,&quot;caption&quot;:&quot;&quot;,&quot;created_timestamp&quot;:&quot;1419009558&quot;,&quot;copyright&quot;:&quot;&quot;,&quot;focal_length&quot;:&quot;4.12&quot;,&quot;iso&quot;:&quot;200&quot;,&quot;shutter_speed&quot;:&quot;0.05&quot;,&quot;title&quot;:&quot;&quot;,&quot;orientation&quot;:&quot;1&quot;}\" data-image-title=\"IMG_0903\" data-image-description=\"\" data-image-caption=\"\" data-medium-file=\"https:\/\/i0.wp.com\/crocomobile.net\/wp-content\/uploads\/2015\/09\/IMG_0903-e1441541405156.jpg?fit=225%2C300\" data-large-file=\"https:\/\/i0.wp.com\/crocomobile.net\/wp-content\/uploads\/2015\/09\/IMG_0903-e1441541405156.jpg?fit=584%2C779\" class=\"alignnone wp-image-110\" src=\"https:\/\/i0.wp.com\/crocomobile.net\/wp-content\/uploads\/2015\/09\/IMG_0903.jpg?resize=157%2C206\" alt=\"IMG_0903\" width=\"157\" height=\"206\" \/><\/a><\/td>\n<td><a href=\"https:\/\/i0.wp.com\/crocomobile.net\/wp-content\/uploads\/2015\/09\/IMG_0897.jpg\"><img data-recalc-dims=\"1\" loading=\"lazy\" decoding=\"async\" data-attachment-id=\"109\" data-permalink=\"http:\/\/crocomobile.net\/?attachment_id=109\" data-orig-file=\"https:\/\/i0.wp.com\/crocomobile.net\/wp-content\/uploads\/2015\/09\/IMG_0897-e1441541618377.jpg?fit=675%2C900\" data-orig-size=\"675,900\" data-comments-opened=\"1\" data-image-meta=\"{&quot;aperture&quot;:&quot;2.4&quot;,&quot;credit&quot;:&quot;&quot;,&quot;camera&quot;:&quot;iPhone 5&quot;,&quot;caption&quot;:&quot;&quot;,&quot;created_timestamp&quot;:&quot;1418562931&quot;,&quot;copyright&quot;:&quot;&quot;,&quot;focal_length&quot;:&quot;4.12&quot;,&quot;iso&quot;:&quot;50&quot;,&quot;shutter_speed&quot;:&quot;0.00208333333333&quot;,&quot;title&quot;:&quot;&quot;,&quot;orientation&quot;:&quot;1&quot;}\" data-image-title=\"IMG_0897\" data-image-description=\"\" data-image-caption=\"\" data-medium-file=\"https:\/\/i0.wp.com\/crocomobile.net\/wp-content\/uploads\/2015\/09\/IMG_0897-e1441541618377.jpg?fit=225%2C300\" data-large-file=\"https:\/\/i0.wp.com\/crocomobile.net\/wp-content\/uploads\/2015\/09\/IMG_0897-e1441541618377.jpg?fit=584%2C779\" class=\"alignnone wp-image-109\" src=\"https:\/\/i0.wp.com\/crocomobile.net\/wp-content\/uploads\/2015\/09\/IMG_0897.jpg?resize=156%2C204\" alt=\"IMG_0897\" width=\"156\" height=\"204\" \/><\/a><\/td>\n<\/tr>\n<\/tbody>\n<\/table>\n<p>Anschliessend wurden Riffelbleche zugeschnitten und verschweisst um hinterher auf den Rohrrahmen geklebt und genietet zu werden. Die verbliebenen offenen Kanten wurden auch verschweisst, so dass kein Wasser eindringen kann. Auf den Bildern sind schon gut die 3 Klappen\u00f6ffnungen zu erkennen. Auch hier wurde wieder eine Massprobe auf dem Auto vorgenommen.<\/p>\n<table>\n<tbody>\n<tr>\n<td><a href=\"https:\/\/i0.wp.com\/crocomobile.net\/wp-content\/uploads\/2015\/09\/IMG_0924.jpg\"><img data-recalc-dims=\"1\" loading=\"lazy\" decoding=\"async\" data-attachment-id=\"111\" data-permalink=\"http:\/\/crocomobile.net\/?attachment_id=111\" data-orig-file=\"https:\/\/i0.wp.com\/crocomobile.net\/wp-content\/uploads\/2015\/09\/IMG_0924-e1441541341357.jpg?fit=900%2C675\" data-orig-size=\"900,675\" data-comments-opened=\"1\" data-image-meta=\"{&quot;aperture&quot;:&quot;2.4&quot;,&quot;credit&quot;:&quot;&quot;,&quot;camera&quot;:&quot;iPhone 5&quot;,&quot;caption&quot;:&quot;&quot;,&quot;created_timestamp&quot;:&quot;1420218014&quot;,&quot;copyright&quot;:&quot;&quot;,&quot;focal_length&quot;:&quot;4.12&quot;,&quot;iso&quot;:&quot;80&quot;,&quot;shutter_speed&quot;:&quot;0.05&quot;,&quot;title&quot;:&quot;&quot;,&quot;orientation&quot;:&quot;1&quot;}\" data-image-title=\"IMG_0924\" data-image-description=\"\" data-image-caption=\"\" data-medium-file=\"https:\/\/i0.wp.com\/crocomobile.net\/wp-content\/uploads\/2015\/09\/IMG_0924-e1441541341357.jpg?fit=300%2C225\" data-large-file=\"https:\/\/i0.wp.com\/crocomobile.net\/wp-content\/uploads\/2015\/09\/IMG_0924-e1441541341357.jpg?fit=584%2C438\" class=\"alignnone wp-image-111\" src=\"https:\/\/i0.wp.com\/crocomobile.net\/wp-content\/uploads\/2015\/09\/IMG_0924.jpg?resize=278%2C211\" alt=\"IMG_0924\" width=\"278\" height=\"211\" \/><\/a><\/td>\n<td><a href=\"https:\/\/i0.wp.com\/crocomobile.net\/wp-content\/uploads\/2015\/09\/IMG_0941.jpg\"><img data-recalc-dims=\"1\" loading=\"lazy\" decoding=\"async\" data-attachment-id=\"112\" data-permalink=\"http:\/\/crocomobile.net\/?attachment_id=112\" data-orig-file=\"https:\/\/i0.wp.com\/crocomobile.net\/wp-content\/uploads\/2015\/09\/IMG_0941-e1441541208719.jpg?fit=675%2C900\" data-orig-size=\"675,900\" data-comments-opened=\"1\" data-image-meta=\"{&quot;aperture&quot;:&quot;2.4&quot;,&quot;credit&quot;:&quot;&quot;,&quot;camera&quot;:&quot;iPhone 5&quot;,&quot;caption&quot;:&quot;&quot;,&quot;created_timestamp&quot;:&quot;1422125731&quot;,&quot;copyright&quot;:&quot;&quot;,&quot;focal_length&quot;:&quot;4.12&quot;,&quot;iso&quot;:&quot;100&quot;,&quot;shutter_speed&quot;:&quot;0.05&quot;,&quot;title&quot;:&quot;&quot;,&quot;orientation&quot;:&quot;1&quot;}\" data-image-title=\"IMG_0941\" data-image-description=\"\" data-image-caption=\"\" data-medium-file=\"https:\/\/i0.wp.com\/crocomobile.net\/wp-content\/uploads\/2015\/09\/IMG_0941-e1441541208719.jpg?fit=225%2C300\" data-large-file=\"https:\/\/i0.wp.com\/crocomobile.net\/wp-content\/uploads\/2015\/09\/IMG_0941-e1441541208719.jpg?fit=584%2C779\" class=\"alignnone wp-image-112\" src=\"https:\/\/i0.wp.com\/crocomobile.net\/wp-content\/uploads\/2015\/09\/IMG_0941.jpg?resize=193%2C254\" alt=\"IMG_0941\" width=\"193\" height=\"254\" \/><\/a><\/td>\n<\/tr>\n<\/tbody>\n<\/table>\n<p>Die Klappen-rahmen f\u00fcr die Dichtungen und Klappen wurden als n\u00e4chstes eingepasst und zum Schluss das ganze Canopy abgedichtet aufgesetzt und verschraubt.<\/p>\n<p>Innen wurde es ausgebaut mit ausziehbaren Schubladen f\u00fcr Vorratskisten. Auch diese Konstruktion ist aus Alurohren und mit Riffelblech abgedeckt. Diese entstandene Blechfl\u00e4che wird\u00a0als Beladefl\u00e4che. Als Schubladen dienen geschweisste L-Profilrahmen mit eingenietetem Blechen. Die Ausz\u00fcge bestehen aus Standard-Alu-C-Schienen mit Kugellager (60002RS) als Rollk\u00f6rper. 2 Wassertanks, eine Halterung unter der Decke f\u00fcr Tisch und St\u00fchle komplettieren den mechanischen Innenausbau. Durch l\u00f6sen von 6\u00a0Schrauben l\u00e4sst sich der Schubladenblock schnell aus dem Auto wieder entfernen um die Reinigung zu erleichtern.<\/p>\n<p>Ausserdem bekam es eine neue Stossstange mit ausschwenkbarer Halterung f\u00fcr das Reserverad (war eine ziemlich Plackerei anzufertigen&#8230;) und einem konformen leicht demontierbaren Unterfahrschutz.<\/p>\n<table style=\"border-color: #000000;\">\n<tbody>\n<tr>\n<td><a href=\"https:\/\/i0.wp.com\/crocomobile.net\/wp-content\/uploads\/2015\/08\/image1-300x225.jpg\"><img data-recalc-dims=\"1\" loading=\"lazy\" decoding=\"async\" data-attachment-id=\"64\" data-permalink=\"http:\/\/crocomobile.net\/?attachment_id=64\" data-orig-file=\"https:\/\/i0.wp.com\/crocomobile.net\/wp-content\/uploads\/2015\/08\/image1.jpg?fit=640%2C480\" data-orig-size=\"640,480\" data-comments-opened=\"1\" data-image-meta=\"{&quot;aperture&quot;:&quot;0&quot;,&quot;credit&quot;:&quot;&quot;,&quot;camera&quot;:&quot;&quot;,&quot;caption&quot;:&quot;&quot;,&quot;created_timestamp&quot;:&quot;0&quot;,&quot;copyright&quot;:&quot;&quot;,&quot;focal_length&quot;:&quot;0&quot;,&quot;iso&quot;:&quot;0&quot;,&quot;shutter_speed&quot;:&quot;0&quot;,&quot;title&quot;:&quot;&quot;,&quot;orientation&quot;:&quot;1&quot;}\" data-image-title=\"image\" data-image-description=\"\" data-image-caption=\"\" data-medium-file=\"https:\/\/i0.wp.com\/crocomobile.net\/wp-content\/uploads\/2015\/08\/image1.jpg?fit=300%2C225\" data-large-file=\"https:\/\/i0.wp.com\/crocomobile.net\/wp-content\/uploads\/2015\/08\/image1.jpg?fit=584%2C438\" class=\"alignnone wp-image-64\" src=\"https:\/\/i0.wp.com\/crocomobile.net\/wp-content\/uploads\/2015\/08\/image1.jpg?resize=263%2C200\" alt=\"image\" width=\"263\" height=\"200\" \/><\/a><a href=\"https:\/\/i0.wp.com\/crocomobile.net\/wp-content\/uploads\/2015\/09\/IMG_1051-e1441541074456.jpg\"><img data-recalc-dims=\"1\" loading=\"lazy\" decoding=\"async\" data-attachment-id=\"114\" data-permalink=\"http:\/\/crocomobile.net\/?attachment_id=114\" data-orig-file=\"https:\/\/i0.wp.com\/crocomobile.net\/wp-content\/uploads\/2015\/09\/IMG_1051-e1441541074456.jpg?fit=900%2C675\" data-orig-size=\"900,675\" data-comments-opened=\"1\" data-image-meta=\"{&quot;aperture&quot;:&quot;2.4&quot;,&quot;credit&quot;:&quot;&quot;,&quot;camera&quot;:&quot;iPhone 5&quot;,&quot;caption&quot;:&quot;&quot;,&quot;created_timestamp&quot;:&quot;1431020880&quot;,&quot;copyright&quot;:&quot;&quot;,&quot;focal_length&quot;:&quot;4.12&quot;,&quot;iso&quot;:&quot;50&quot;,&quot;shutter_speed&quot;:&quot;0.000461041954818&quot;,&quot;title&quot;:&quot;&quot;,&quot;orientation&quot;:&quot;1&quot;}\" data-image-title=\"IMG_1051\" data-image-description=\"\" data-image-caption=\"\" data-medium-file=\"https:\/\/i0.wp.com\/crocomobile.net\/wp-content\/uploads\/2015\/09\/IMG_1051-e1441541074456.jpg?fit=300%2C225\" data-large-file=\"https:\/\/i0.wp.com\/crocomobile.net\/wp-content\/uploads\/2015\/09\/IMG_1051-e1441541074456.jpg?fit=584%2C438\" class=\"alignnone wp-image-114\" src=\"https:\/\/i0.wp.com\/crocomobile.net\/wp-content\/uploads\/2015\/09\/IMG_1051.jpg?resize=263%2C200\" alt=\"IMG_1051\" width=\"263\" height=\"200\" \/><\/a><\/td>\n<td><\/td>\n<\/tr>\n<\/tbody>\n<\/table>\n<p>Es\u00a0musste Material her, was uns bei platten Reifen und einem nicht zu hoffenden Steckenbleiben im Outback helfen soll ( High-Lift-Jack, Hand-Winde, Sandbleche) sowie ein Diagnoseger\u00e4t f\u00fcr technische Probleme am Auto in der Wildnis. Um elektrisch nicht vom Fahren oder von Netz-Steckdosen abh\u00e4ngig zu sein, wurde eine 2. Batterie (Enersys MFP 77) eingebaut, welche neben dem IBS-Doppelbatteriesystem \u00fcber ein faltbares 100W-Solarpanel geladen werden kann. Dies sollte im sonnenverw\u00f6hnten Australien nicht zu kurz kommen. Elektrisch stehen in der Fahgastzelle wie auch im Canopy neben ausreichender LED-Beleuchtung gen\u00fcgend 12VDC und 230VAC-Steckdosen zur Verf\u00fcgung. Der Kompressor f\u00fcrs Reifenpumpen kann direkt beim Fahrersitz an\u00a0einer Harting-Steckdose angeschlossen werden.<\/p>\n<p>F\u00fcr Regentage bekamen wir von Danielas Eltern ein Vorzelt f\u00fcr das Auto, gross genug um drin zu sitzen, zu essen und zu kochen. Nat\u00fcrlich kauften wir uns\u00a0eine K\u00fchlbox. Die darf auch in unserem Auto nicht fehlen<\/p>\n<p>Im Mai war dann alles soweit, das wir zu einem ersten Probecamping in die Ostschweiz fahren konnten.<\/p>\n<table>\n<tbody>\n<tr>\n<td><a href=\"https:\/\/i0.wp.com\/crocomobile.net\/wp-content\/uploads\/2015\/08\/image5-e1441664473135.jpg\"><img data-recalc-dims=\"1\" loading=\"lazy\" decoding=\"async\" data-attachment-id=\"95\" data-permalink=\"http:\/\/crocomobile.net\/?attachment_id=95\" data-orig-file=\"https:\/\/i0.wp.com\/crocomobile.net\/wp-content\/uploads\/2015\/08\/image5-e1441664473135.jpg?fit=900%2C675\" data-orig-size=\"900,675\" data-comments-opened=\"1\" data-image-meta=\"{&quot;aperture&quot;:&quot;0&quot;,&quot;credit&quot;:&quot;&quot;,&quot;camera&quot;:&quot;&quot;,&quot;caption&quot;:&quot;&quot;,&quot;created_timestamp&quot;:&quot;0&quot;,&quot;copyright&quot;:&quot;&quot;,&quot;focal_length&quot;:&quot;0&quot;,&quot;iso&quot;:&quot;0&quot;,&quot;shutter_speed&quot;:&quot;0&quot;,&quot;title&quot;:&quot;&quot;,&quot;orientation&quot;:&quot;1&quot;}\" data-image-title=\"image\" data-image-description=\"\" data-image-caption=\"\" data-medium-file=\"https:\/\/i0.wp.com\/crocomobile.net\/wp-content\/uploads\/2015\/08\/image5-e1441664473135.jpg?fit=300%2C225\" data-large-file=\"https:\/\/i0.wp.com\/crocomobile.net\/wp-content\/uploads\/2015\/08\/image5-e1441664473135.jpg?fit=584%2C438\" class=\"alignnone wp-image-95\" src=\"https:\/\/i0.wp.com\/crocomobile.net\/wp-content\/uploads\/2015\/08\/image5.jpg?resize=263%2C200\" alt=\"image\" width=\"263\" height=\"200\" \/><\/a><a href=\"https:\/\/i0.wp.com\/crocomobile.net\/wp-content\/uploads\/2015\/08\/image4-e1441664507989.jpg\"><img data-recalc-dims=\"1\" loading=\"lazy\" decoding=\"async\" data-attachment-id=\"94\" data-permalink=\"http:\/\/crocomobile.net\/?attachment_id=94\" data-orig-file=\"https:\/\/i0.wp.com\/crocomobile.net\/wp-content\/uploads\/2015\/08\/image4-e1441664507989.jpg?fit=900%2C675\" data-orig-size=\"900,675\" data-comments-opened=\"1\" data-image-meta=\"{&quot;aperture&quot;:&quot;0&quot;,&quot;credit&quot;:&quot;&quot;,&quot;camera&quot;:&quot;&quot;,&quot;caption&quot;:&quot;&quot;,&quot;created_timestamp&quot;:&quot;0&quot;,&quot;copyright&quot;:&quot;&quot;,&quot;focal_length&quot;:&quot;0&quot;,&quot;iso&quot;:&quot;0&quot;,&quot;shutter_speed&quot;:&quot;0&quot;,&quot;title&quot;:&quot;&quot;,&quot;orientation&quot;:&quot;1&quot;}\" data-image-title=\"image\" data-image-description=\"\" data-image-caption=\"\" data-medium-file=\"https:\/\/i0.wp.com\/crocomobile.net\/wp-content\/uploads\/2015\/08\/image4-e1441664507989.jpg?fit=300%2C225\" data-large-file=\"https:\/\/i0.wp.com\/crocomobile.net\/wp-content\/uploads\/2015\/08\/image4-e1441664507989.jpg?fit=584%2C438\" class=\" wp-image-94 alignnone\" src=\"https:\/\/i0.wp.com\/crocomobile.net\/wp-content\/uploads\/2015\/08\/image4.jpg?resize=263%2C200\" alt=\"image\" width=\"263\" height=\"200\" \/><\/a><\/td>\n<td><\/td>\n<\/tr>\n<\/tbody>\n<\/table>\n<p>Erfreulicherweise funktionierte das meiste recht gut, einige technische Feinheiten mussten aber vor der Abreise\u00a0noch verbessert werden.<\/p>\n<p>So konnten wir das Auto Anfang Juli bepacken und machten es bereit f\u00fcr die Verschiffung. Vergessen werden darf nat\u00fcrlich nicht, dass unser Crocomobile als solches gekennzeichnet werden musste. So prangt nun auf beiden Seiten ein von einer hochkar\u00e4tigen Jury bewertetes Krokodil als Markenzeichen auf den Autoseiten.<\/p>\n<table>\n<tbody>\n<tr>\n<td><a href=\"https:\/\/i0.wp.com\/crocomobile.net\/wp-content\/uploads\/2015\/09\/IMG_1113.jpg\"><img data-recalc-dims=\"1\" loading=\"lazy\" decoding=\"async\" data-attachment-id=\"115\" data-permalink=\"http:\/\/crocomobile.net\/?attachment_id=115\" data-orig-file=\"https:\/\/i0.wp.com\/crocomobile.net\/wp-content\/uploads\/2015\/09\/IMG_1113-e1441541009354.jpg?fit=900%2C675\" data-orig-size=\"900,675\" data-comments-opened=\"1\" data-image-meta=\"{&quot;aperture&quot;:&quot;2.4&quot;,&quot;credit&quot;:&quot;&quot;,&quot;camera&quot;:&quot;iPhone 5&quot;,&quot;caption&quot;:&quot;&quot;,&quot;created_timestamp&quot;:&quot;1436881916&quot;,&quot;copyright&quot;:&quot;&quot;,&quot;focal_length&quot;:&quot;4.12&quot;,&quot;iso&quot;:&quot;50&quot;,&quot;shutter_speed&quot;:&quot;0.000406008932197&quot;,&quot;title&quot;:&quot;&quot;,&quot;orientation&quot;:&quot;1&quot;}\" data-image-title=\"IMG_1113\" data-image-description=\"\" data-image-caption=\"\" data-medium-file=\"https:\/\/i0.wp.com\/crocomobile.net\/wp-content\/uploads\/2015\/09\/IMG_1113-e1441541009354.jpg?fit=300%2C225\" data-large-file=\"https:\/\/i0.wp.com\/crocomobile.net\/wp-content\/uploads\/2015\/09\/IMG_1113-e1441541009354.jpg?fit=584%2C438\" class=\"alignnone wp-image-115\" src=\"https:\/\/i0.wp.com\/crocomobile.net\/wp-content\/uploads\/2015\/09\/IMG_1113.jpg?resize=444%2C337\" alt=\"IMG_1113\" width=\"444\" height=\"337\" \/><\/a><\/td>\n<\/tr>\n<\/tbody>\n<\/table>\n<p>Am 14.07. ging das Auto auf die grosse Reise: von Basel wurde es per LKW nach Hamburg gebracht, dort in einen Container verladen und auf das riesige Containerschiff \u201eAPL Merlion\u201c gebracht. Damit wir keine Probleme mit dem australischen Zoll kriegen, hatten wir ein Carnet de passage beim TCS beantragt. Dieses wurde bei der Ausreise des Autos vom Schweizer Zoll gestempelt und wir konnten es selber mit dem Flugzeug mitnehmen. Die Route des Schiffes k\u00f6nnen wir t\u00e4glich m Internet verfolgen, wenn alles gut geht, k\u00f6nnen wir es ab dem 11. September (geplant war der 4.September) in Brisbane in Empfang nehmen.<\/p>\n<p><!--more--><\/p>\n","protected":false},"excerpt":{"rendered":"<p>Wir haben am 25.10.2014 unser Auto, genauer gesagt ein Land Rover Defender 130 HCPU, in St.Michael im Burgenland gekauft und gleich noch Unterfahrschutz, Schnorchel, Treesliders und Diff.Sch\u00fctze mitbestellt. Schon nur die Reise um das Auto abzuholen war ein unvergessliches Erlebnis. &hellip; <a href=\"http:\/\/crocomobile.net\/?page_id=2609\">Weiterlesen <span class=\"meta-nav\">&rarr;<\/span><\/a><\/p>\n","protected":false},"author":2,"featured_media":0,"parent":0,"menu_order":0,"comment_status":"open","ping_status":"open","template":"","meta":{"jetpack_post_was_ever_published":false,"footnotes":""},"class_list":["post-2609","page","type-page","status-publish","hentry"],"jetpack_sharing_enabled":true,"jetpack_shortlink":"https:\/\/wp.me\/P7tt3r-G5","jetpack-related-posts":[],"_links":{"self":[{"href":"http:\/\/crocomobile.net\/index.php?rest_route=\/wp\/v2\/pages\/2609","targetHints":{"allow":["GET"]}}],"collection":[{"href":"http:\/\/crocomobile.net\/index.php?rest_route=\/wp\/v2\/pages"}],"about":[{"href":"http:\/\/crocomobile.net\/index.php?rest_route=\/wp\/v2\/types\/page"}],"author":[{"embeddable":true,"href":"http:\/\/crocomobile.net\/index.php?rest_route=\/wp\/v2\/users\/2"}],"replies":[{"embeddable":true,"href":"http:\/\/crocomobile.net\/index.php?rest_route=%2Fwp%2Fv2%2Fcomments&post=2609"}],"version-history":[{"count":0,"href":"http:\/\/crocomobile.net\/index.php?rest_route=\/wp\/v2\/pages\/2609\/revisions"}],"wp:attachment":[{"href":"http:\/\/crocomobile.net\/index.php?rest_route=%2Fwp%2Fv2%2Fmedia&parent=2609"}],"curies":[{"name":"wp","href":"https:\/\/api.w.org\/{rel}","templated":true}]}}