{"id":2846,"date":"2015-09-23T10:57:47","date_gmt":"2015-09-23T10:57:47","guid":{"rendered":"http:\/\/crocomobile.net\/?page_id=2846"},"modified":"2015-09-23T10:57:47","modified_gmt":"2015-09-23T10:57:47","slug":"ueber-uns","status":"publish","type":"page","link":"http:\/\/crocomobile.net\/?page_id=2846","title":{"rendered":"\u00dcber uns"},"content":{"rendered":"<h1><a href=\"https:\/\/i0.wp.com\/crocomobile.net\/wp-content\/uploads\/2020\/12\/IMG_4815.jpeg\"><img data-recalc-dims=\"1\" loading=\"lazy\" decoding=\"async\" data-attachment-id=\"1243\" data-permalink=\"http:\/\/crocomobile.net\/?attachment_id=1243\" data-orig-file=\"https:\/\/i0.wp.com\/crocomobile.net\/wp-content\/uploads\/2020\/12\/IMG_4815.jpeg?fit=423%2C640\" data-orig-size=\"423,640\" data-comments-opened=\"1\" data-image-meta=\"{&quot;aperture&quot;:&quot;2.2&quot;,&quot;credit&quot;:&quot;&quot;,&quot;camera&quot;:&quot;iPhone SE (1st generation)&quot;,&quot;caption&quot;:&quot;&quot;,&quot;created_timestamp&quot;:&quot;1593960647&quot;,&quot;copyright&quot;:&quot;&quot;,&quot;focal_length&quot;:&quot;4.15&quot;,&quot;iso&quot;:&quot;25&quot;,&quot;shutter_speed&quot;:&quot;0.000701754385965&quot;,&quot;title&quot;:&quot;&quot;,&quot;orientation&quot;:&quot;0&quot;}\" data-image-title=\"IMG_4815\" data-image-description=\"\" data-image-caption=\"\" data-medium-file=\"https:\/\/i0.wp.com\/crocomobile.net\/wp-content\/uploads\/2020\/12\/IMG_4815.jpeg?fit=198%2C300\" data-large-file=\"https:\/\/i0.wp.com\/crocomobile.net\/wp-content\/uploads\/2020\/12\/IMG_4815.jpeg?fit=423%2C640\" class=\" wp-image-1243 alignright\" src=\"https:\/\/i0.wp.com\/crocomobile.net\/wp-content\/uploads\/2020\/12\/IMG_4815.jpeg?resize=240%2C358\" alt=\"\" width=\"240\" height=\"358\" \/><\/a><br \/>\nMarkus Bertschi<\/h1>\n<p>Elektromechaniker und Posaunist<\/p>\n<p>Geboren 1973 in Gr\u00e4nichen (Aargau\/Schweiz). Dank seiner Mechanikererfahrung bekam das Crocomobile seine individuelle Note. Er reist gerne und hat bereits durch unsere gemeinsamen Reisen der letzten Jahre im s\u00fcdlichen Afrika viel Outback-Campingerfahrung. Statt Maschinenunterhalt in der Lebensmittelindustrie hat\u00a0er sich in den Monaten der Reise als Auto- und Campingmechaniker in der Wildnis bet\u00e4tigen m\u00fcssen. Jetzt nach der Reise arbeitet er seit\u00a0Dezember 2016 bei der Firma Alupak als Instandhaltungsleiter, nachdem er von Juli bis November 16 als &#8222;Kleinmenschw\u00e4rter&#8220; amtete. Aktuell hat er sich beruflich weiterentwickelt und baut neben der F\u00fchrung der Abteilung Facility management eine neue Abteilung f\u00fcr Kontinuierliche Verbesserung auf. In der Freizeit ist neben der Familie Musik aus seinem Leben nicht wegzudenken, sei es auf der Posaune in verschiedenen Projekten oder als Dirigent aktuell bei einer Brass Band in der Region Bern.<\/p>\n<h1><a href=\"https:\/\/i0.wp.com\/crocomobile.net\/wp-content\/uploads\/2020\/12\/IMG_0467.jpeg\"><img data-recalc-dims=\"1\" loading=\"lazy\" decoding=\"async\" data-attachment-id=\"1242\" data-permalink=\"http:\/\/crocomobile.net\/?attachment_id=1242\" data-orig-file=\"https:\/\/i0.wp.com\/crocomobile.net\/wp-content\/uploads\/2020\/12\/IMG_0467.jpeg?fit=437%2C640\" data-orig-size=\"437,640\" data-comments-opened=\"1\" data-image-meta=\"{&quot;aperture&quot;:&quot;1.8&quot;,&quot;credit&quot;:&quot;&quot;,&quot;camera&quot;:&quot;iPhone 11&quot;,&quot;caption&quot;:&quot;&quot;,&quot;created_timestamp&quot;:&quot;1587805534&quot;,&quot;copyright&quot;:&quot;&quot;,&quot;focal_length&quot;:&quot;4.25&quot;,&quot;iso&quot;:&quot;32&quot;,&quot;shutter_speed&quot;:&quot;0.00480769230769&quot;,&quot;title&quot;:&quot;&quot;,&quot;orientation&quot;:&quot;0&quot;}\" data-image-title=\"IMG_0467\" data-image-description=\"\" data-image-caption=\"\" data-medium-file=\"https:\/\/i0.wp.com\/crocomobile.net\/wp-content\/uploads\/2020\/12\/IMG_0467.jpeg?fit=205%2C300\" data-large-file=\"https:\/\/i0.wp.com\/crocomobile.net\/wp-content\/uploads\/2020\/12\/IMG_0467.jpeg?fit=437%2C640\" class=\" wp-image-1242 alignright\" src=\"https:\/\/i0.wp.com\/crocomobile.net\/wp-content\/uploads\/2020\/12\/IMG_0467.jpeg?resize=240%2C346\" alt=\"\" width=\"240\" height=\"346\" \/><\/a><br \/>\nDaniela Bertschi<\/h1>\n<p>\u00c4rztin<\/p>\n<p>Geboren 1975 in Iserlohn (Nordrhein-Westfalen\/Deutschland). Sie wurde bereits in jungen Jahren vom Reise- und Campingvirus durch ihre Eltern infiziert und nutzte im Studium jede M\u00f6glichkeit zum Reisen bzw. f\u00fcr Auslandspraktika. Ebenfalls im Rahmen ihres Studiums war sie 2002 zum ersten Mal f\u00fcr 3 Monate in Canberra in Australien &#8211; und sucht seither nach einer Gelegenheit, mehr von dem faszinierendem Kontinent zu sehen. Nach 12 Jahren teils recht anstrengender und zeitintensiver Arbeit hoffte\u00a0sie die Zeit w\u00e4hrend dem langen Urlaub auf Abwechslung und Zeit mit den\u00a0Kindern &#8211; um Kraft zu sch\u00f6pfen f\u00fcr die n\u00e4chsten 25 Jahre bis zum Rentenalter! Nach dem Urlaub begann sie wieder im Spital Fribourg mit der Ausbildung zum Facharzt f\u00fcr Intensivmedizin. Inzwischen ist die Facharztpr\u00fcfung absolviert und sie arbeitet als Oberarzt auf der Intensivstation im Inselspital in Bern.<\/p>\n<h1>Nora Bertschi<\/h1>\n<p><a href=\"https:\/\/i0.wp.com\/crocomobile.net\/wp-content\/uploads\/2020\/12\/IMG_5488.jpeg\"><img data-recalc-dims=\"1\" loading=\"lazy\" decoding=\"async\" data-attachment-id=\"1244\" data-permalink=\"http:\/\/crocomobile.net\/?attachment_id=1244\" data-orig-file=\"https:\/\/i0.wp.com\/crocomobile.net\/wp-content\/uploads\/2020\/12\/IMG_5488.jpeg?fit=408%2C640\" data-orig-size=\"408,640\" data-comments-opened=\"1\" data-image-meta=\"{&quot;aperture&quot;:&quot;1.8&quot;,&quot;credit&quot;:&quot;&quot;,&quot;camera&quot;:&quot;iPhone SE (2nd generation)&quot;,&quot;caption&quot;:&quot;&quot;,&quot;created_timestamp&quot;:&quot;1608829256&quot;,&quot;copyright&quot;:&quot;&quot;,&quot;focal_length&quot;:&quot;3.99&quot;,&quot;iso&quot;:&quot;1000&quot;,&quot;shutter_speed&quot;:&quot;0.0588235294118&quot;,&quot;title&quot;:&quot;&quot;,&quot;orientation&quot;:&quot;0&quot;}\" data-image-title=\"IMG_5488\" data-image-description=\"\" data-image-caption=\"\" data-medium-file=\"https:\/\/i0.wp.com\/crocomobile.net\/wp-content\/uploads\/2020\/12\/IMG_5488.jpeg?fit=191%2C300\" data-large-file=\"https:\/\/i0.wp.com\/crocomobile.net\/wp-content\/uploads\/2020\/12\/IMG_5488.jpeg?fit=408%2C640\" class=\" wp-image-1244 alignright\" src=\"https:\/\/i0.wp.com\/crocomobile.net\/wp-content\/uploads\/2020\/12\/IMG_5488.jpeg?resize=239%2C368\" alt=\"\" width=\"239\" height=\"368\" \/><\/a><br \/>\nGeboren 2009 in der Schweiz. Sie reiste im zarten Alter von 3.5 Monaten bereits 2009 im Tragetuch ihrer Eltern durch S\u00fcdafrika. In den folgenden Jahren folgten einige Campingurlaube und Bergtouren (teils im Rucksack, teils auf eigenen F\u00fcssen). Sie freute\u00a0sich nochmals auf einen langen erlebnisreichen Urlaub vor Beginn der Schulzeit im Sommer 2016 &#8211; wir hoffen, dass sie diese Reise, wie auch alle zuk\u00fcnftigen Reisen und Ausfl\u00fcge lange in guter Erinnerung behalten wird. Nach der R\u00fcckkehr startete sie sehr gut in die ersten Schuljahre an der Primarschule Sch\u00f6nberg. Inzwischen hat sich mit dem Umzug nach Givisiez die Unterrichtssprache ins Franz\u00f6sische gewechselt. Durch Ihre Kontaktfreudigkeit hat sie auch da viele neue Freundinnen gefunden. Nachhaltig aus Australien ist die Liebe zum Wasser geblieben. So ist neben dem Geigespielen das Schwimmen ihre grosse Leidenschaft. Klar f\u00e4hrt sie auch gerne Ski &#8211; durch das Ferienhaus in Nendaz f\u00e4hrt sie einigen um die Ohren. Sowohl bei Ihr, wie auch bei der j\u00fcngeren Schwester wurde das Reisegen aktiviert und brennt nach jedem Winter auch f\u00fcr nur kleine Campingausfahrten \u00fcbers Wochenende im Crocomobile.<\/p>\n<h1>Fiona Bertschi<\/h1>\n<p><a href=\"https:\/\/i0.wp.com\/crocomobile.net\/wp-content\/uploads\/2020\/12\/57ea34fe-d2a4-4df9-a88f-f64fc9c7aae6.jpeg\"><img data-recalc-dims=\"1\" loading=\"lazy\" decoding=\"async\" data-attachment-id=\"1241\" data-permalink=\"http:\/\/crocomobile.net\/?attachment_id=1241\" data-orig-file=\"https:\/\/i0.wp.com\/crocomobile.net\/wp-content\/uploads\/2020\/12\/57ea34fe-d2a4-4df9-a88f-f64fc9c7aae6.jpeg?fit=435%2C640\" data-orig-size=\"435,640\" data-comments-opened=\"1\" data-image-meta=\"{&quot;aperture&quot;:&quot;0&quot;,&quot;credit&quot;:&quot;&quot;,&quot;camera&quot;:&quot;&quot;,&quot;caption&quot;:&quot;&quot;,&quot;created_timestamp&quot;:&quot;1609340413&quot;,&quot;copyright&quot;:&quot;&quot;,&quot;focal_length&quot;:&quot;0&quot;,&quot;iso&quot;:&quot;0&quot;,&quot;shutter_speed&quot;:&quot;0&quot;,&quot;title&quot;:&quot;&quot;,&quot;orientation&quot;:&quot;0&quot;}\" data-image-title=\"57ea34fe-d2a4-4df9-a88f-f64fc9c7aae6\" data-image-description=\"\" data-image-caption=\"\" data-medium-file=\"https:\/\/i0.wp.com\/crocomobile.net\/wp-content\/uploads\/2020\/12\/57ea34fe-d2a4-4df9-a88f-f64fc9c7aae6.jpeg?fit=204%2C300\" data-large-file=\"https:\/\/i0.wp.com\/crocomobile.net\/wp-content\/uploads\/2020\/12\/57ea34fe-d2a4-4df9-a88f-f64fc9c7aae6.jpeg?fit=435%2C640\" class=\" wp-image-1241 alignright\" src=\"https:\/\/i0.wp.com\/crocomobile.net\/wp-content\/uploads\/2020\/12\/57ea34fe-d2a4-4df9-a88f-f64fc9c7aae6.jpeg?resize=240%2C346\" alt=\"\" width=\"240\" height=\"346\" \/><\/a><\/p>\n<p>Geboren 2011 in Fribourg (Schweiz): Auch sie hat schon viele Reisen und Bergtouren mit uns erlebt. Sie ist neugierig und gerne in der Natur; wir hoffen, dass sie auf allen Reisen viel Spannendes lernt und erlebt und sich an das Erlebte, vor allem auch an die Reise nach Down Under, noch lange erinnern kann. Wieder mit europ\u00e4ischem Festland unter den F\u00fcssen, begann sie 2016 voller Tatendrang den Kindergarten an der Sch\u00f6nbergschule, und hat vor dem Umzug nach Givisiez noch das erste Jahr Primarschule auf Deutsch absolviert. Nun ist aber franz\u00f6sisch die Hauptsprache. Auch in der neuen Schule hat sie sich schnell zurechtgefunden und ist neugierig Neues zu erfahren. Die Freizeit verbringt sie neben dem Cellospiel mit Fussball oder mit Ihrer Schwester auf dem Trampolin. Auch sie stand schon sehr fr\u00fch auf zwei Latten &#8211; an Ihrem 2. Geburtstag wollte sie unbedingt Skifahren ausprobieren &#8211; das Feuer daf\u00fcr ist geblieben.<\/p>\n<p><!--more--><\/p>\n","protected":false},"excerpt":{"rendered":"<p>Markus Bertschi Elektromechaniker und Posaunist Geboren 1973 in Gr\u00e4nichen (Aargau\/Schweiz). Dank seiner Mechanikererfahrung bekam das Crocomobile seine individuelle Note. Er reist gerne und hat bereits durch unsere gemeinsamen Reisen der letzten Jahre im s\u00fcdlichen Afrika viel Outback-Campingerfahrung. Statt Maschinenunterhalt in &hellip; <a href=\"http:\/\/crocomobile.net\/?page_id=2846\">Weiterlesen <span class=\"meta-nav\">&rarr;<\/span><\/a><\/p>\n","protected":false},"author":1,"featured_media":0,"parent":0,"menu_order":0,"comment_status":"open","ping_status":"open","template":"","meta":{"jetpack_post_was_ever_published":false,"footnotes":""},"class_list":["post-2846","page","type-page","status-publish","hentry"],"jetpack_sharing_enabled":true,"jetpack_shortlink":"https:\/\/wp.me\/P7tt3r-JU","jetpack-related-posts":[],"_links":{"self":[{"href":"http:\/\/crocomobile.net\/index.php?rest_route=\/wp\/v2\/pages\/2846","targetHints":{"allow":["GET"]}}],"collection":[{"href":"http:\/\/crocomobile.net\/index.php?rest_route=\/wp\/v2\/pages"}],"about":[{"href":"http:\/\/crocomobile.net\/index.php?rest_route=\/wp\/v2\/types\/page"}],"author":[{"embeddable":true,"href":"http:\/\/crocomobile.net\/index.php?rest_route=\/wp\/v2\/users\/1"}],"replies":[{"embeddable":true,"href":"http:\/\/crocomobile.net\/index.php?rest_route=%2Fwp%2Fv2%2Fcomments&post=2846"}],"version-history":[{"count":0,"href":"http:\/\/crocomobile.net\/index.php?rest_route=\/wp\/v2\/pages\/2846\/revisions"}],"wp:attachment":[{"href":"http:\/\/crocomobile.net\/index.php?rest_route=%2Fwp%2Fv2%2Fmedia&parent=2846"}],"curies":[{"name":"wp","href":"https:\/\/api.w.org\/{rel}","templated":true}]}}