{"id":2870,"date":"2015-09-23T10:57:47","date_gmt":"2015-09-23T10:57:47","guid":{"rendered":"http:\/\/crocomobile.net\/?page_id=2870"},"modified":"2015-09-23T10:57:47","modified_gmt":"2015-09-23T10:57:47","slug":"de-nous","status":"publish","type":"page","link":"http:\/\/crocomobile.net\/?page_id=2870&lang=fr","title":{"rendered":"De nous"},"content":{"rendered":"<h1><a href=\"https:\/\/i0.wp.com\/crocomobile.net\/wp-content\/uploads\/2015\/08\/image8-e1441541846119.jpg\"><img data-recalc-dims=\"1\" loading=\"lazy\" decoding=\"async\" data-attachment-id=\"102\" data-permalink=\"http:\/\/crocomobile.net\/?attachment_id=102\" data-orig-file=\"https:\/\/i0.wp.com\/crocomobile.net\/wp-content\/uploads\/2015\/08\/image8-e1441541846119.jpg?fit=675%2C900\" data-orig-size=\"675,900\" data-comments-opened=\"1\" data-image-meta=\"{&quot;aperture&quot;:&quot;0&quot;,&quot;credit&quot;:&quot;&quot;,&quot;camera&quot;:&quot;&quot;,&quot;caption&quot;:&quot;&quot;,&quot;created_timestamp&quot;:&quot;0&quot;,&quot;copyright&quot;:&quot;&quot;,&quot;focal_length&quot;:&quot;0&quot;,&quot;iso&quot;:&quot;0&quot;,&quot;shutter_speed&quot;:&quot;0&quot;,&quot;title&quot;:&quot;&quot;,&quot;orientation&quot;:&quot;1&quot;}\" data-image-title=\"image\" data-image-description=\"\" data-image-caption=\"\" data-medium-file=\"https:\/\/i0.wp.com\/crocomobile.net\/wp-content\/uploads\/2015\/08\/image8-e1441541846119.jpg?fit=225%2C300\" data-large-file=\"https:\/\/i0.wp.com\/crocomobile.net\/wp-content\/uploads\/2015\/08\/image8-e1441541846119.jpg?fit=584%2C779\" class=\" size-medium wp-image-102 alignright\" src=\"https:\/\/i0.wp.com\/crocomobile.net\/wp-content\/uploads\/2015\/08\/image8.jpg?resize=225%2C300\" alt=\"image\" width=\"225\" height=\"300\" \/><\/a>Markus Bertschi<\/h1>\n<p>Electrom\u00e9chanicien et thromboniste<\/p>\n<p>N\u00e9 en 1973 \u00e0 Gr\u00e4nichen (Argovie\/Suisse). Par ses connaissances comme m\u00e9canicien le crocomobile est devenue r\u00e9alit\u00e9 et a re\u00e7u son individualit\u00e9. Il adore voyager et a d\u00e9j\u00e0 beaucoup d&#8217;exp\u00e9riences en camping dans le Outback\u00a0des voyages dans les derni\u00e8res ann\u00e9es. A la place de la maintenance dans l&#8217;industrie alimentaire ses connaissances m\u00e9canicien auto et allround \u00e9taient demand\u00e9s dans les diff\u00e9rents r\u00e9gions du 5\u00e8me\u00a0continent. Maintenant apr\u00e8s le retour et 5 mois de garde enfants il a trouv\u00e9 un nouveau travail comme responsable maintenance chez Alupak.<\/p>\n<h1>Daniela Bertschi<\/h1>\n<p>M\u00e9decin<\/p>\n<p><img data-recalc-dims=\"1\" loading=\"lazy\" decoding=\"async\" data-attachment-id=\"100\" data-permalink=\"http:\/\/crocomobile.net\/?attachment_id=100\" data-orig-file=\"https:\/\/i0.wp.com\/crocomobile.net\/wp-content\/uploads\/2015\/08\/image7-e1441664369915.jpg?fit=672%2C900\" data-orig-size=\"672,900\" data-comments-opened=\"1\" data-image-meta=\"{&quot;aperture&quot;:&quot;0&quot;,&quot;credit&quot;:&quot;&quot;,&quot;camera&quot;:&quot;&quot;,&quot;caption&quot;:&quot;&quot;,&quot;created_timestamp&quot;:&quot;0&quot;,&quot;copyright&quot;:&quot;&quot;,&quot;focal_length&quot;:&quot;0&quot;,&quot;iso&quot;:&quot;0&quot;,&quot;shutter_speed&quot;:&quot;0&quot;,&quot;title&quot;:&quot;&quot;,&quot;orientation&quot;:&quot;1&quot;}\" data-image-title=\"image\" data-image-description=\"\" data-image-caption=\"\" data-medium-file=\"https:\/\/i0.wp.com\/crocomobile.net\/wp-content\/uploads\/2015\/08\/image7-e1441664369915.jpg?fit=224%2C300\" data-large-file=\"https:\/\/i0.wp.com\/crocomobile.net\/wp-content\/uploads\/2015\/08\/image7-e1441664369915.jpg?fit=584%2C782\" class=\" size-medium wp-image-100 alignright\" src=\"https:\/\/i0.wp.com\/crocomobile.net\/wp-content\/uploads\/2015\/08\/image7.jpg?resize=224%2C300\" alt=\"image\" width=\"224\" height=\"300\" \/>N\u00e9e en 1975 \u00e0 Iserlohn (Allemagne). Elle a \u00e9t\u00e9 infect\u00e9 par le virus de voyage et camping par ses parents \u00e0 un jeune \u00e2ge. Pendant ses \u00e9tudes, elle \u00e0 profit\u00e9 des multiples occasion pour voyager et effectuer des stages pour ses \u00e9tudes en \u00e9tranger. Egalement dans le cade de ses \u00e9tudes, elle \u00e9tait \u00e0 Canberra en Australie pour la premi\u00e8re fois en 2002 pour 3 mois &#8211; depuis, elle cherche une occasion de retourner sur ce continent fascinent. Apr\u00e8s 12 ans de travail \u00e0 l&#8217;h\u00f4pital en partie fatiguant et prenant beaucoup de temps, elle se r\u00e9jouissait \u00e0 de longues vacances pour changer les id\u00e9es et avoir du temps pour ses enfants &#8211; pour reprendre l&#8217;\u00e9nergie pour les prochains 25 ans de travail! Le premier jour apr\u00e8s notre retour elle a repris le travail \u00e0 l&#8217;h\u00f4pital de Fribourg et a commenc\u00e9 son chemin pour le titre d&#8217;une doctoresse des soins intensifs.<\/p>\n<h1><a href=\"https:\/\/i0.wp.com\/crocomobile.net\/wp-content\/uploads\/2015\/08\/image6-e1441664443699.jpg\"><img data-recalc-dims=\"1\" loading=\"lazy\" decoding=\"async\" data-attachment-id=\"96\" data-permalink=\"http:\/\/crocomobile.net\/?attachment_id=96\" data-orig-file=\"https:\/\/i0.wp.com\/crocomobile.net\/wp-content\/uploads\/2015\/08\/image6-e1608900729382.jpg?fit=675%2C900\" data-orig-size=\"675,900\" data-comments-opened=\"1\" data-image-meta=\"{&quot;aperture&quot;:&quot;0&quot;,&quot;credit&quot;:&quot;&quot;,&quot;camera&quot;:&quot;&quot;,&quot;caption&quot;:&quot;&quot;,&quot;created_timestamp&quot;:&quot;0&quot;,&quot;copyright&quot;:&quot;&quot;,&quot;focal_length&quot;:&quot;0&quot;,&quot;iso&quot;:&quot;0&quot;,&quot;shutter_speed&quot;:&quot;0&quot;,&quot;title&quot;:&quot;&quot;,&quot;orientation&quot;:&quot;6&quot;}\" data-image-title=\"image\" data-image-description=\"\" data-image-caption=\"\" data-medium-file=\"https:\/\/i0.wp.com\/crocomobile.net\/wp-content\/uploads\/2015\/08\/image6-e1608900729382.jpg?fit=225%2C300\" data-large-file=\"https:\/\/i0.wp.com\/crocomobile.net\/wp-content\/uploads\/2015\/08\/image6-e1608900729382.jpg?fit=584%2C779\" class=\" size-medium wp-image-96 alignright\" src=\"https:\/\/i0.wp.com\/crocomobile.net\/wp-content\/uploads\/2015\/08\/image6-e1441664417368-225x300.jpg?resize=225%2C300\" alt=\"image\" width=\"225\" height=\"300\" \/><\/a>Nora Bertschi<\/h1>\n<p>N\u00e9e en 2009 en Suisse. D\u00e9j\u00e0 l&#8217;\u00e2ge de 3.5 mois elle voyagait en Afrique di Sud dans l&#8217;\u00e9charpe porte-b\u00e9b\u00e9 de ses parents. Les ann\u00e9es suivantes, des voyages en camping et tours de montagne (en partie sur le dos de ses parents, en partie sur ses propres pieds) suivait. Elle se r\u00e9jouissait sur des longues vacances aventureux avant le d\u00e9but de la scolarit\u00e9 en \u00e9t\u00e9 2016 &#8211; nous esp\u00e9rons, qu&#8217;elle gardera de bons souvenirs de ce voyage. En Ao\u00fbt 2016 elle a repris son parcours d&#8217;\u00e9cole dans la premi\u00e8re primaire au Sch\u00f6nberg et elle a d\u00e9j\u00e0 trouv\u00e9e beaucoup d&#8217;ami(e)s.<\/p>\n<h1>Fiona Bertschi<\/h1>\n<p>N\u00e9e en 2011 \u00e0 Fribourg (suisse) &#8211; le plus jeune membre. Elle a \u00e9galement d\u00e9j\u00e0 fait plusieurs voyages et tours en montanes avec nous, elle et curieuse et elle aime la nature. Nous esp\u00e9rons qu&#8217;elle pouvait profiter des exp\u00e9riences inoubliables et s&#8217;en souvenir \u00e0 son \u00e2ge de 4 ans au moment du voyage encore longtemps. De nouveau sur le terrain europ\u00e9en elle a commenc\u00e9e avec la premi\u00e8re ann\u00e9e de l&#8217;\u00e9cole enfantine au Sch\u00f6nberg.<\/p>\n","protected":false},"excerpt":{"rendered":"<p>Markus Bertschi Electrom\u00e9chanicien et thromboniste N\u00e9 en 1973 \u00e0 Gr\u00e4nichen (Argovie\/Suisse). Par ses connaissances comme m\u00e9canicien le crocomobile est devenue r\u00e9alit\u00e9 et a re\u00e7u son individualit\u00e9. Il adore voyager et a d\u00e9j\u00e0 beaucoup d&#8217;exp\u00e9riences en camping dans le Outback\u00a0des voyages &hellip; <a href=\"http:\/\/crocomobile.net\/?page_id=2870&#038;lang=fr\">Weiterlesen <span class=\"meta-nav\">&rarr;<\/span><\/a><\/p>\n","protected":false},"author":1,"featured_media":0,"parent":0,"menu_order":0,"comment_status":"open","ping_status":"open","template":"","meta":{"jetpack_post_was_ever_published":false,"footnotes":""},"class_list":["post-2870","page","type-page","status-publish","hentry"],"jetpack_sharing_enabled":true,"jetpack_shortlink":"https:\/\/wp.me\/P7tt3r-Ki","jetpack-related-posts":[],"_links":{"self":[{"href":"http:\/\/crocomobile.net\/index.php?rest_route=\/wp\/v2\/pages\/2870","targetHints":{"allow":["GET"]}}],"collection":[{"href":"http:\/\/crocomobile.net\/index.php?rest_route=\/wp\/v2\/pages"}],"about":[{"href":"http:\/\/crocomobile.net\/index.php?rest_route=\/wp\/v2\/types\/page"}],"author":[{"embeddable":true,"href":"http:\/\/crocomobile.net\/index.php?rest_route=\/wp\/v2\/users\/1"}],"replies":[{"embeddable":true,"href":"http:\/\/crocomobile.net\/index.php?rest_route=%2Fwp%2Fv2%2Fcomments&post=2870"}],"version-history":[{"count":0,"href":"http:\/\/crocomobile.net\/index.php?rest_route=\/wp\/v2\/pages\/2870\/revisions"}],"wp:attachment":[{"href":"http:\/\/crocomobile.net\/index.php?rest_route=%2Fwp%2Fv2%2Fmedia&parent=2870"}],"curies":[{"name":"wp","href":"https:\/\/api.w.org\/{rel}","templated":true}]}}